{"id":3501,"date":"2017-04-24T19:17:30","date_gmt":"2017-04-24T17:17:30","guid":{"rendered":"https:\/\/parklijak.com\/sl\/?page_id=3501"},"modified":"2017-04-24T19:25:31","modified_gmt":"2017-04-24T17:25:31","slug":"paketi","status":"publish","type":"page","link":"https:\/\/parklijak.com\/sl\/paketi\/","title":{"rendered":"Paketi"},"content":{"rendered":"[vc_row][vc_column]\t\t\t\t\t<div class=\"calluna-offer2-carousel\">\n\t\t\t<div class=\"offer2-carousel owl-carousel owl-theme\" data-items=\"4\">\n\n            \t\t\t\t<div class=\"event-item\">\n                    \n                    <div class=\"event-image-button-wrapper\">\n                        <a href=\"https:\/\/parklijak.com\/sl\/offer\/paket-pilot-1\/\" title=\"Paket Pilot 1\" class=\"event-pic\">\n                            <img src=\"https:\/\/parklijak.com\/wp-content\/uploads\/2015\/09\/pilot_package1.png\" alt=\"Paket Pilot 1\" \/>\n                        <\/a>\n                    <\/div>\n\n                                        <div class=\"event-title-wrapper clearfix\">\n                        <div class=\"offer_title\">\n                            <h3>\n                                <a href=\"https:\/\/parklijak.com\/sl\/offer\/paket-pilot-1\/\">Paket Pilot 1<\/a>\n                            <\/h3>\n                        <\/div>\n                    <\/div>\n                    <div class=\"event-excerpt\">\n                        <p>2 no\u010ditvi \/ 3 dnevi\u00a0(KAMP) 2 no\u010ditvi z zajtrkom, 2x transport, internet + 2x\u00a0karta za polet<\/p>\n                    <\/div>\n                                        <div class=\"offer_price\"><span>Cena<\/span>\n                    150.00&nbsp;\u20ac                    <\/div>\n\t\t\t\t<\/div>\n\n\t\t\t\t\t\t\t<div class=\"event-item\">\n                    \n                    <div class=\"event-image-button-wrapper\">\n                        <a href=\"https:\/\/parklijak.com\/sl\/offer\/paket-pilot-2\/\" title=\"Paket Pilot 2\" class=\"event-pic\">\n                            <img src=\"https:\/\/parklijak.com\/wp-content\/uploads\/2017\/04\/pilot_package2.png\" alt=\"Paket Pilot 2\" \/>\n                        <\/a>\n                    <\/div>\n\n                                        <div class=\"event-title-wrapper clearfix\">\n                        <div class=\"offer_title\">\n                            <h3>\n                                <a href=\"https:\/\/parklijak.com\/sl\/offer\/paket-pilot-2\/\">Paket Pilot 2<\/a>\n                            <\/h3>\n                        <\/div>\n                    <\/div>\n                    <div class=\"event-excerpt\">\n                        <p>7 no\u010ditev\u00a0= 8 no\u010ditev\u00a0(KAMP) 8 no\u010ditev z zajtrkom, 8x transport, internet, karte za polete<\/p>\n                    <\/div>\n                                        <div class=\"offer_price\"><span>Cena<\/span>\n                    360.00&nbsp;\u20ac                    <\/div>\n\t\t\t\t<\/div>\n\n\t\t\t\n\t\t\t<\/div>\n\n\t\t\t<\/div><div class=\"clearfix\"><\/div>\n\n\t\t    [\/vc_column][\/vc_row][vc_row css=&#8221;.vc_custom_1493054097939{margin-top: 50px !important;}&#8221;][vc_column]\t\t\t\t\t<div class=\"calluna-offer2-carousel\">\n\t\t\t<div class=\"offer2-carousel owl-carousel owl-theme\" data-items=\"4\">\n\n            \t\t\t\t<div class=\"event-item\">\n                    \n                    <div class=\"event-image-button-wrapper\">\n                        <a href=\"https:\/\/parklijak.com\/sl\/offer\/tandemski-polet\/\" title=\"Tandemski polet\" class=\"event-pic\">\n                            <img src=\"https:\/\/parklijak.com\/wp-content\/uploads\/2017\/04\/paraglide_tandem-420x171.jpg\" alt=\"Tandemski polet\" \/>\n                        <\/a>\n                    <\/div>\n\n                                        <div class=\"event-title-wrapper clearfix\">\n                        <div class=\"offer_title\">\n                            <h3>\n                                <a href=\"https:\/\/parklijak.com\/sl\/offer\/tandemski-polet\/\">Tandemski polet<\/a>\n                            <\/h3>\n                        <\/div>\n                    <\/div>\n                    <div class=\"event-excerpt\">\n                        <p>\u017delite izpolniti \u017eeljo po letenju, ob\u010dutku svobode, leteti kot ptica? Vse to lahko izkusite in do\u017eivite v poletu s tandemom \u017ee za 188 \u20ac. Pod oblake vas popelje eden izmed&hellip;<\/p>\n                    <\/div>\n                                        <div class=\"offer_price\"><span>Cena<\/span>\n                    188.00&nbsp;\u20ac                    <\/div>\n\t\t\t\t<\/div>\n\n\t\t\t\n\t\t\t<\/div>\n\n\t\t\t<\/div><div class=\"clearfix\"><\/div>\n\n\t\t    [\/vc_column][\/vc_row][vc_row][vc_column]<h2 class=\"calluna-heading calluna-heading-single-line text-align-center \" ><span>BOOK YOUR HOLIDAYS<\/span><\/h2><div role=\"form\" class=\"wpcf7\" id=\"wpcf7-f2211-o1\" lang=\"sl-SI\" dir=\"ltr\">\n<div class=\"screen-reader-response\"><p role=\"status\" aria-live=\"polite\" aria-atomic=\"true\"><\/p> <ul><\/ul><\/div>\n<form action=\"\/sl\/wp-json\/wp\/v2\/pages\/3501#wpcf7-f2211-o1\" method=\"post\" class=\"wpcf7-form init\" data-status=\"init\">\n<div style=\"display: none;\">\n<input type=\"hidden\" name=\"_wpcf7\" value=\"2211\" \/>\n<input type=\"hidden\" name=\"_wpcf7_version\" value=\"5.5.3\" \/>\n<input type=\"hidden\" name=\"_wpcf7_locale\" value=\"sl_SI\" \/>\n<input type=\"hidden\" name=\"_wpcf7_unit_tag\" value=\"wpcf7-f2211-o1\" \/>\n<input type=\"hidden\" name=\"_wpcf7_container_post\" value=\"0\" \/>\n<input type=\"hidden\" name=\"_wpcf7_posted_data_hash\" value=\"\" \/>\n<input type=\"hidden\" name=\"_wpcf7_recaptcha_response\" value=\"\" \/>\n<\/div>\n<div style=\"width:100%; min-height:50px;\">\n<div style=\"float:left; min-width:100px; padding-left:5px; padding-right:5px;\"><div class=\"form-group imepriimek\"><input class=\"wpcf7-form-control wpcf7-text wpcf7-validates-as-required form-control\" name=\"imepriimek\" type=\"text\" value=\"\" placeholder=\"Name and surname\" aria-invalid=\"false\" aria-required=\"true\" required><\/div><\/div>\n<div style=\"float:left; min-width:100px; padding-left:5px; padding-right:5px;\"><div class=\"form-group email\"><input class=\"wpcf7-form-control wpcf7-text wpcf7-email wpcf7-validates-as-required wpcf7-validates-as-email form-control\" name=\"email\" type=\"text\" value=\"\" placeholder=\"E-mail\" aria-invalid=\"false\" aria-required=\"true\" required><\/div><\/div>\n<div style=\"float:left; min-width:50px; padding-left:5px; padding-right:5px;\"><div class=\"form-group prihod\"><input class=\"wpcf7-form-control wpcf7-text wpcf7-validates-as-required prihod form-control\" name=\"prihod\" type=\"text\" value=\"\" placeholder=\"Arrival\" aria-invalid=\"false\" aria-required=\"true\" required><\/div><\/div>\n<div style=\"float:left; min-width:50px; padding-left:5px; padding-right:5px;\"><div class=\"form-group odhod\"><input class=\"wpcf7-form-control wpcf7-text wpcf7-validates-as-required odhod form-control\" name=\"odhod\" type=\"text\" value=\"\" placeholder=\"Departure\" aria-invalid=\"false\" aria-required=\"true\" required><\/div><\/div>\n<div style=\"float:left; min-width:100px; padding-left:5px; padding-right:5px;\"><div class=\"form-group dropdown\"><select class=\"wpcf7-form-control wpcf7-select wpcf7-validates-as-required dropdown form-control\" id=\"dropdown\" name=\"dropdown\" aria-invalid=\"false\" aria-required=\"true\" required><option value=\"I am interested in...\">I am interested in...<\/option><option value=\"Camper \/ Caravan\">Camper \/ Caravan<\/option><option value=\"Tent\">Tent<\/option><option value=\"Hobbit holes\">Hobbit holes<\/option><option value=\"Bungalow 1 - 2 persons\">Bungalow 1 - 2 persons<\/option><option value=\"Bungalow 3 - 4 persons\">Bungalow 3 - 4 persons<\/option><option value=\"Bungalow 5 - 6 persons\">Bungalow 5 - 6 persons<\/option><\/select><\/div><\/div>\n<div style=\"float:left; min-width:50px; padding-left:5px; padding-right:5px;\"><div class=\"form-group menu-68\"><select class=\"wpcf7-form-control wpcf7-select wpcf7-validates-as-required form-control\" name=\"menu-68\" aria-invalid=\"false\" aria-required=\"true\" required><option value=\"N\u00ba of persons\">N\u00ba of persons<\/option><option value=\"1\">1<\/option><option value=\"2\">2<\/option><option value=\"3\">3<\/option><option value=\"4\">4<\/option><option value=\"5\">5<\/option><option value=\"6\">6<\/option><option value=\"7\">7<\/option><option value=\"8\">8<\/option><option value=\"9\">9<\/option><option value=\"10\">10<\/option><option value=\"11\">11<\/option><option value=\"12+\">12+<\/option><\/select><\/div><\/div>\n<div style=\"clear:both;\"><\/div>\n<div class=\"form-group wpcf7-form-control wpcf7-checkbox dodatnaponudba\"><div class=\"checkbox\"><label ><input name=\"dodatnaponudba[]\" type=\"checkbox\" value=\"Breakfast\" aria-invalid=\"false\">Breakfast<\/label><\/div><div class=\"checkbox\"><label ><input name=\"dodatnaponudba[]\" type=\"checkbox\" value=\"Wine degustation\" aria-invalid=\"false\">Wine degustation<\/label><\/div><div class=\"checkbox\"><label ><input name=\"dodatnaponudba[]\" type=\"checkbox\" value=\"Tandem flight\" aria-invalid=\"false\">Tandem flight<\/label><\/div><div class=\"checkbox\"><label ><input name=\"dodatnaponudba[]\" type=\"checkbox\" value=\"Hiking tour\" aria-invalid=\"false\">Hiking tour<\/label><\/div><div class=\"checkbox\"><label ><input name=\"dodatnaponudba[]\" type=\"checkbox\" value=\"Biking tour\" aria-invalid=\"false\">Biking tour<\/label><\/div><div class=\"checkbox\"><label ><input name=\"dodatnaponudba[]\" type=\"checkbox\" value=\"Rafting\" aria-invalid=\"false\">Rafting<\/label><\/div><div class=\"checkbox\"><label ><input name=\"dodatnaponudba[]\" type=\"checkbox\" value=\"Adrenaline park\" aria-invalid=\"false\">Adrenaline park<\/label><\/div><div class=\"checkbox\"><label ><input name=\"dodatnaponudba[]\" type=\"checkbox\" value=\"Zip line\" aria-invalid=\"false\">Zip line<\/label><\/div><\/div>\n<div style=\"clear:both;\"><\/div>\n <div style=\"text-align:center; margin-left:auto; margin-right:auto; min-width:50px; padding-left:5px; padding-right:5px;\"><div class=\"form-group\"><div><input class=\"wpcf7-form-control wpcf7-submit rezervacijski btn btn-primary style-2\" type=\"submit\" value=\"Send\"><\/div><\/div><\/div>\n<\/div><div class=\"wpcf7-response-output alert alert-warning\"><\/div><\/form><\/div>[\/vc_column][\/vc_row]\n","protected":false},"excerpt":{"rendered":"<p>[vc_row][vc_column][\/vc_column][\/vc_row][vc_row css=&#8221;.vc_custom_1493054097939{margin-top: 50px !important;}&#8221;][vc_column][\/vc_column][\/vc_row][vc_row][vc_column][\/vc_column][\/vc_row]<\/p>\n","protected":false},"author":1,"featured_media":0,"parent":0,"menu_order":0,"comment_status":"closed","ping_status":"closed","template":"","meta":{"_links_to":"","_links_to_target":""},"aioseo_notices":[],"_links":{"self":[{"href":"https:\/\/parklijak.com\/sl\/wp-json\/wp\/v2\/pages\/3501"}],"collection":[{"href":"https:\/\/parklijak.com\/sl\/wp-json\/wp\/v2\/pages"}],"about":[{"href":"https:\/\/parklijak.com\/sl\/wp-json\/wp\/v2\/types\/page"}],"author":[{"embeddable":true,"href":"https:\/\/parklijak.com\/sl\/wp-json\/wp\/v2\/users\/1"}],"replies":[{"embeddable":true,"href":"https:\/\/parklijak.com\/sl\/wp-json\/wp\/v2\/comments?post=3501"}],"version-history":[{"count":2,"href":"https:\/\/parklijak.com\/sl\/wp-json\/wp\/v2\/pages\/3501\/revisions"}],"predecessor-version":[{"id":3504,"href":"https:\/\/parklijak.com\/sl\/wp-json\/wp\/v2\/pages\/3501\/revisions\/3504"}],"wp:attachment":[{"href":"https:\/\/parklijak.com\/sl\/wp-json\/wp\/v2\/media?parent=3501"}],"curies":[{"name":"wp","href":"https:\/\/api.w.org\/{rel}","templated":true}]}}