{"id":3014,"date":"2015-09-18T13:52:08","date_gmt":"2015-09-18T12:52:08","guid":{"rendered":"http:\/\/camplijak.com\/nova\/sl\/home\/"},"modified":"2021-02-26T13:40:12","modified_gmt":"2021-02-26T12:40:12","slug":"home","status":"publish","type":"page","link":"https:\/\/parklijak.com\/sl\/","title":{"rendered":"Predstavitev"},"content":{"rendered":"<div style=\"clear: both;\"><\/div>\n[vc_row css=&#8221;.vc_custom_1491659887959{padding-top: 5% !important;padding-bottom: 7% !important;}&#8221;][vc_column width=&#8221;1\/6&#8243;][\/vc_column][vc_column width=&#8221;4\/6&#8243;]<h2 class=\"calluna-heading calluna-heading-single-line text-align-center \" ><span>BODI AKTIVEN, ZA\u010cUTI SVOBODO - PO\u010cITNICE V OBJEMU NARAVE V KAMPU*** PARK LIJAK<\/span><\/h2>[vc_row_inner][vc_column_inner width=&#8221;1\/2&#8243; css=&#8221;.vc_custom_1491660131567{padding: 3% !important;}&#8221;][vc_column_text]Smo mlada dru\u017eina, ki razvaja du\u0161o in telo svojih gostov! Kamp*** Park Lijak\u00a0se nahaja v vasi\u00a0Ozeljan v neposredni bli\u017eini Nove Gorice, v son\u010dni\u00a0Vipavski dolini, obdan z vinogradi in pod robom Trnovske planote med Julijskimi Alpami in Jadranskim morjem.<\/p>\n<p>Pestra izbira aktivnosti\u00a0v neposredni bli\u017eini &#8211; smo odli\u010dno izhodi\u0161\u010de za pohodni\u0161tvo na Trnovski planoti, za dnevne kolesarske izlete med vinogradi in do morja, za obisk gorskega sveta po dolini So\u010de, izlete z vlakom do Bohinja in Bleda ter samih Benetk.[\/vc_column_text][\/vc_column_inner][vc_column_inner width=&#8221;1\/2&#8243; css=&#8221;.vc_custom_1491660123217{padding: 3% !important;}&#8221;][vc_column_text]Celotni prostor kampa sprejme skupaj 250 gostov.\u00a0Park Lijak ima\u00a060 kampirnih mest\u00a0velikih od 80 do 100m\u00b2. Parcele so opremljene z elektriko, vodo, kanalizacijo in imajo dostop do brez\u017ei\u010dnega interneta. Mediteranska klima in odli\u010dni vremenski pogoji omogo\u010dajo jadralno padalstvo iz Lijaka vse leto.<\/p>\n<p>V letu 2017 smo odprli tudi sodobno gostilno Termika, ki se nahaja ob vhodu v na\u0161 kamp.<\/p>\n<h4>DOBRODO\u0160LI V PARK LIJAK &#8211; PREGLEJTE NA\u0160O SPLETNO STRAN!<\/h4>\n[\/vc_column_text][\/vc_column_inner][\/vc_row_inner][\/vc_column][vc_column width=&#8221;1\/6&#8243;][\/vc_column][\/vc_row][vc_row full_width=&#8221;stretch_row_content_no_spaces&#8221; css=&#8221;.vc_custom_1490722860879{margin-top: 0px !important;margin-right: 0px !important;margin-bottom: 0px !important;margin-left: 0px !important;padding-top: 0px !important;padding-right: 50px !important;padding-bottom: 0px !important;padding-left: 50px !important;background-color: #f2f3f4 !important;}&#8221;][vc_column]\t\t\t\t\t<div class=\"calluna-offer2-carousel\">\n\t\t\t<div class=\"offer2-carousel owl-carousel owl-theme\" data-items=\"3\">\n\n            \t\t\t\t<div class=\"event-item\">\n                    \n                    <div class=\"event-image-button-wrapper\">\n                        <a href=\"https:\/\/parklijak.com\/sl\/offer\/paket-pilot-1\/\" title=\"Paket Pilot 1\" class=\"event-pic\">\n                            <img src=\"https:\/\/parklijak.com\/wp-content\/uploads\/2015\/09\/pilot_package1.png\" alt=\"Paket Pilot 1\" \/>\n                        <\/a>\n                    <\/div>\n\n                                        <div class=\"event-title-wrapper clearfix\">\n                        <div class=\"offer_title\">\n                            <h3>\n                                <a href=\"https:\/\/parklijak.com\/sl\/offer\/paket-pilot-1\/\">Paket Pilot 1<\/a>\n                            <\/h3>\n                        <\/div>\n                    <\/div>\n                    <div class=\"event-excerpt\">\n                        <p>2 no\u010ditvi \/ 3 dnevi\u00a0(KAMP) 2 no\u010ditvi z zajtrkom, 2x transport, internet + 2x\u00a0karta za polet<\/p>\n                    <\/div>\n                                        <div class=\"offer_price\"><span>Cena<\/span>\n                    150.00&nbsp;\u20ac                    <\/div>\n\t\t\t\t<\/div>\n\n\t\t\t\t\t\t\t<div class=\"event-item\">\n                    \n                    <div class=\"event-image-button-wrapper\">\n                        <a href=\"https:\/\/parklijak.com\/sl\/offer\/paket-pilot-2\/\" title=\"Paket Pilot 2\" class=\"event-pic\">\n                            <img src=\"https:\/\/parklijak.com\/wp-content\/uploads\/2017\/04\/pilot_package2.png\" alt=\"Paket Pilot 2\" \/>\n                        <\/a>\n                    <\/div>\n\n                                        <div class=\"event-title-wrapper clearfix\">\n                        <div class=\"offer_title\">\n                            <h3>\n                                <a href=\"https:\/\/parklijak.com\/sl\/offer\/paket-pilot-2\/\">Paket Pilot 2<\/a>\n                            <\/h3>\n                        <\/div>\n                    <\/div>\n                    <div class=\"event-excerpt\">\n                        <p>7 no\u010ditev\u00a0= 8 no\u010ditev\u00a0(KAMP) 8 no\u010ditev z zajtrkom, 8x transport, internet, karte za polete<\/p>\n                    <\/div>\n                                        <div class=\"offer_price\"><span>Cena<\/span>\n                    360.00&nbsp;\u20ac                    <\/div>\n\t\t\t\t<\/div>\n\n\t\t\t\t\t\t\t<div class=\"event-item\">\n                    \n                    <div class=\"event-image-button-wrapper\">\n                        <a href=\"https:\/\/parklijak.com\/sl\/offer\/tandemski-polet\/\" title=\"Tandemski polet\" class=\"event-pic\">\n                            <img src=\"https:\/\/parklijak.com\/wp-content\/uploads\/2017\/04\/paraglide_tandem-420x171.jpg\" alt=\"Tandemski polet\" \/>\n                        <\/a>\n                    <\/div>\n\n                                        <div class=\"event-title-wrapper clearfix\">\n                        <div class=\"offer_title\">\n                            <h3>\n                                <a href=\"https:\/\/parklijak.com\/sl\/offer\/tandemski-polet\/\">Tandemski polet<\/a>\n                            <\/h3>\n                        <\/div>\n                    <\/div>\n                    <div class=\"event-excerpt\">\n                        <p>\u017delite izpolniti \u017eeljo po letenju, ob\u010dutku svobode, leteti kot ptica? Vse to lahko izkusite in do\u017eivite v poletu s tandemom \u017ee za 188 \u20ac. Pod oblake vas popelje eden izmed&hellip;<\/p>\n                    <\/div>\n                                        <div class=\"offer_price\"><span>Cena<\/span>\n                    188.00&nbsp;\u20ac                    <\/div>\n\t\t\t\t<\/div>\n\n\t\t\t\n\t\t\t<\/div>\n\n\t\t\t<\/div><div class=\"clearfix\"><\/div>\n\n\t\t    [\/vc_column][\/vc_row][vc_row full_width=&#8221;stretch_row_content_no_spaces&#8221;][vc_column]\n\t\t\t<section class=\"image-square left\">\n\t\t\t    <div class=\"col-md-6 image\">\n\t\t\t        <div class=\"background-image-holder\">\n\t\t\t            <img width=\"2000\" height=\"1333\" src=\"https:\/\/parklijak.com\/wp-content\/uploads\/2015\/09\/IMG_70402.jpg\" class=\"background-image\" alt=\"\" loading=\"lazy\" srcset=\"https:\/\/parklijak.com\/wp-content\/uploads\/2015\/09\/IMG_70402.jpg 2000w, https:\/\/parklijak.com\/wp-content\/uploads\/2015\/09\/IMG_70402-300x200.jpg 300w, https:\/\/parklijak.com\/wp-content\/uploads\/2015\/09\/IMG_70402-768x512.jpg 768w, https:\/\/parklijak.com\/wp-content\/uploads\/2015\/09\/IMG_70402-1024x682.jpg 1024w\" sizes=\"(max-width: 2000px) 100vw, 2000px\" \/>\n\t\t\t        <\/div>\n\t\t\t    <\/div>\n\t\t\t    <div class=\"col-md-6 col-md-offset-1 content\">\n\t\t\t        <h2 class=\"calluna-heading calluna-heading- text-align-left \" style=\"color: undefined;margin-bottom: 30px;margin-top: 30px;\"><span>GURMANSKA POPOTOVANJA<\/span><\/h2>\n<p>Nova gostilna Termika vam nudi nepozabna gurmanska razvajanja z druga\u010dnimi, tipi\u010dno lokalnimi jedmi in trgovino lokalnih izdelkov. U\u017eivajte v skrbno pripravljenih zajtrkih, okusnih prigrizkih in pestri ponudbi vin iz celotne Slovenije. Ali pa si privo\u0161\u010dite pija\u010do na razgledni terasi &#8211; veseli bomo va\u0161ega obiska \ud83d\ude09<\/p>\n<p><a class=\"btn-primary \" href=\"https:\/\/parklijak.com\/sl\/termika-1\/\">Gostilna Termika<\/a>\n\t\t\t    <\/div>\n\t\t\t<\/section>\n\t\t[\/vc_column][\/vc_row][vc_row full_width=&#8221;stretch_row_content_no_spaces&#8221; css=&#8221;.vc_custom_1492719007296{background-color: #f4f5f6 !important;}&#8221;][vc_column]\n\t\t\t<section class=\"image-square right\">\n\t\t\t    <div class=\"col-md-6 image\">\n\t\t\t        <div class=\"background-image-holder\">\n\t\t\t            <img width=\"1920\" height=\"1110\" src=\"https:\/\/parklijak.com\/wp-content\/uploads\/2015\/09\/active_holidays.jpg\" class=\"background-image\" alt=\"\" loading=\"lazy\" srcset=\"https:\/\/parklijak.com\/wp-content\/uploads\/2015\/09\/active_holidays.jpg 1920w, https:\/\/parklijak.com\/wp-content\/uploads\/2015\/09\/active_holidays-300x173.jpg 300w, https:\/\/parklijak.com\/wp-content\/uploads\/2015\/09\/active_holidays-768x444.jpg 768w, https:\/\/parklijak.com\/wp-content\/uploads\/2015\/09\/active_holidays-1024x592.jpg 1024w\" sizes=\"(max-width: 1920px) 100vw, 1920px\" \/>\n\t\t\t        <\/div>\n\t\t\t    <\/div>\n\t\t\t    <div class=\"col-md-6 content\">\n\t\t\t        <h2 class=\"calluna-heading calluna-heading- text-align-left \" style=\"color: undefined;margin-bottom: 30px;margin-top: 30px;\"><span>AKTIVNE PO\u010cITNICE<\/span><\/h2>\n<p>Park Lijak je prava izbira tako za adrenalinske navdu\u0161ence kot tudi rekreativce, ki \u017eelijo\u00a0pre\u017eiveti aktiven oddih. V okolici lahko izvajate \u0161tevilne aktivnosti &#8211; bli\u017enja reka So\u010da vam omogo\u010da kajaka\u0161tvo, rafting, bungee jumping, plavanje, canyoning, ribolov&#8230; Okolica nudi tudi \u0161tevilne kolesarske in pohodni\u0161ke poti, obi\u0161\u010dete lahko bli\u017enja jezera, morje (25 minut vo\u017enje) ali Julijske Alpe (1 ura vo\u017enje). In ne pozabite, Lijak je ena najbolj\u0161ih evropskih lokacij za padalstvo in zmajarstvo.<\/p>\n<p><a class=\"btn-primary \" href=\"https:\/\/parklijak.com\/sl\/izleti\/\">Ideje za izlete<\/a>\n\t\t\t    <\/div>\n\t\t\t<\/section>\n\t\t[\/vc_column][\/vc_row][vc_row full_width=&#8221;stretch_row_content_no_spaces&#8221;][vc_column]\n\t\t\t<section class=\"image-square left\">\n\t\t\t    <div class=\"col-md-6 image\">\n\t\t\t        <div class=\"background-image-holder\">\n\t\t\t            <img width=\"1920\" height=\"1110\" src=\"https:\/\/parklijak.com\/wp-content\/uploads\/2017\/04\/paraglide_tandem.jpg\" class=\"background-image\" alt=\"\" loading=\"lazy\" srcset=\"https:\/\/parklijak.com\/wp-content\/uploads\/2017\/04\/paraglide_tandem.jpg 1920w, https:\/\/parklijak.com\/wp-content\/uploads\/2017\/04\/paraglide_tandem-300x173.jpg 300w, https:\/\/parklijak.com\/wp-content\/uploads\/2017\/04\/paraglide_tandem-768x444.jpg 768w, https:\/\/parklijak.com\/wp-content\/uploads\/2017\/04\/paraglide_tandem-1024x592.jpg 1024w\" sizes=\"(max-width: 1920px) 100vw, 1920px\" \/>\n\t\t\t        <\/div>\n\t\t\t    <\/div>\n\t\t\t    <div class=\"col-md-6 col-md-offset-1 content\">\n\t\t\t        <h2 class=\"calluna-heading calluna-heading- text-align-left \" style=\"color: undefined;margin-bottom: 30px;margin-top: 30px;\"><span>TANDEMSKI POLET<\/span><\/h2>\n<p>\u017delite izpolniti \u017eeljo po letenju, ob\u010dutku svobode, leteti kot ptica? Vse to lahko izkusite in do\u017eivite v poletu s tandemom \u017ee za 160 \u20ac.<\/p>\n<p><a class=\"btn-primary \" href=\"https:\/\/parklijak.com\/sl\/padalstvo\/\">Padalstvo na Lijaku<\/a>\n\t\t\t    <\/div>\n\t\t\t<\/section>\n\t\t[\/vc_column][\/vc_row][vc_row full_width=&#8221;stretch_row&#8221; css=&#8221;.vc_custom_1491232932706{padding-top: 5% !important;padding-bottom: 2% !important;background-color: #f4f5f6 !important;}&#8221;][vc_column width=&#8221;1\/6&#8243;][\/vc_column][vc_column width=&#8221;4\/6&#8243;]<h2 class=\"calluna-heading calluna-heading-single-line text-align-center \" ><span>Vse v enih po\u010ditnicah, vse leto<\/span><\/h2>[vc_row_inner el_class=&#8221;home_box_wrap&#8221;][vc_column_inner width=&#8221;1\/6&#8243;]\n        <div class=\"calluna-icon-box clr calluna-icon-box-two align-center\">\n                            <img class=\"calluna-icon-box-two-img-alt\" src=\"https:\/\/parklijak.com\/wp-content\/uploads\/2015\/09\/011-camping.png\" alt=\"Udobno kampiranje***\" style=\"width:90px;\" \/>\n                            <h4 class=\"calluna-icon-box-two-heading \" style=color:#163c6f;>\n                    Udobno kampiranje***                <\/h4>\n                    <\/div>\n        \n        [\/vc_column_inner][vc_column_inner width=&#8221;1\/6&#8243;]\n        <div class=\"calluna-icon-box clr calluna-icon-box-two align-center\">\n                            <img class=\"calluna-icon-box-two-img-alt\" src=\"https:\/\/parklijak.com\/wp-content\/uploads\/2015\/09\/parachutist.png\" alt=\"Padalstvo &amp; avanture\" style=\"width:90px;\" \/>\n                            <h4 class=\"calluna-icon-box-two-heading \" style=color:#163c6f;>\n                    Padalstvo &amp; avanture                <\/h4>\n                    <\/div>\n        \n        [\/vc_column_inner][vc_column_inner width=&#8221;1\/6&#8243;]\n        <div class=\"calluna-icon-box clr calluna-icon-box-two align-center\">\n                            <img class=\"calluna-icon-box-two-img-alt\" src=\"https:\/\/parklijak.com\/wp-content\/uploads\/2015\/09\/009-cycling.png\" alt=\"Kolesarjenje\" style=\"width:90px;\" \/>\n                            <h4 class=\"calluna-icon-box-two-heading \" style=color:#163c6f;>\n                    Kolesarjenje                <\/h4>\n                    <\/div>\n        \n        [\/vc_column_inner][vc_column_inner width=&#8221;1\/6&#8243;]\n        <div class=\"calluna-icon-box clr calluna-icon-box-two align-center\">\n                            <img class=\"calluna-icon-box-two-img-alt\" src=\"https:\/\/parklijak.com\/wp-content\/uploads\/2015\/09\/008-man-with-bag-and-walking-stick.png\" alt=\"Pohodni\u0161tvo\" style=\"width:90px;\" \/>\n                            <h4 class=\"calluna-icon-box-two-heading \" style=color:#163c6f;>\n                    Pohodni\u0161tvo                <\/h4>\n                    <\/div>\n        \n        [\/vc_column_inner][vc_column_inner width=&#8221;1\/6&#8243;]\n        <div class=\"calluna-icon-box clr calluna-icon-box-two align-center\">\n                            <img class=\"calluna-icon-box-two-img-alt\" src=\"https:\/\/parklijak.com\/wp-content\/uploads\/2015\/09\/006-restaurant-cutlery-circular-symbol-of-a-spoon-and-a-fork-in-a-circle.png\" alt=\"Gostilna Termika\" style=\"width:90px;\" \/>\n                            <h4 class=\"calluna-icon-box-two-heading \" style=color:#163c6f;>\n                    Gostilna Termika                <\/h4>\n                    <\/div>\n        \n        [\/vc_column_inner][vc_column_inner width=&#8221;1\/6&#8243;]\n        <div class=\"calluna-icon-box clr calluna-icon-box-two align-center\">\n                            <img class=\"calluna-icon-box-two-img-alt\" src=\"https:\/\/parklijak.com\/wp-content\/uploads\/2015\/09\/002-destination.png\" alt=\"Destinacija Nova Gorica\" style=\"width:90px;\" \/>\n                            <h4 class=\"calluna-icon-box-two-heading \" style=color:#163c6f;>\n                    Destinacija Nova Gorica                <\/h4>\n                    <\/div>\n        \n        [\/vc_column_inner][\/vc_row_inner][\/vc_column][vc_column width=&#8221;1\/6&#8243;][\/vc_column][\/vc_row][vc_row full_width=&#8221;stretch_row&#8221; css=&#8221;.vc_custom_1491486816167{padding-top: 5% !important;padding-bottom: 5% !important;}&#8221;][vc_column css=&#8221;.vc_custom_1449249460878{padding-top: 7% !important;padding-bottom: 7% !important;}&#8221;]<h2 class=\"calluna-heading calluna-heading-single-line text-align-center \" ><span>Rezervirajte svoje po\u010ditnice<\/span><\/h2><div role=\"form\" class=\"wpcf7\" id=\"wpcf7-f3036-o1\" lang=\"sl-SI\" dir=\"ltr\">\n<div class=\"screen-reader-response\"><p role=\"status\" aria-live=\"polite\" aria-atomic=\"true\"><\/p> <ul><\/ul><\/div>\n<form action=\"\/sl\/wp-json\/wp\/v2\/pages\/3014#wpcf7-f3036-o1\" method=\"post\" class=\"wpcf7-form init\" data-status=\"init\">\n<div style=\"display: none;\">\n<input type=\"hidden\" name=\"_wpcf7\" value=\"3036\" \/>\n<input type=\"hidden\" name=\"_wpcf7_version\" value=\"5.5.3\" \/>\n<input type=\"hidden\" name=\"_wpcf7_locale\" value=\"sl_SI\" \/>\n<input type=\"hidden\" name=\"_wpcf7_unit_tag\" value=\"wpcf7-f3036-o1\" \/>\n<input type=\"hidden\" name=\"_wpcf7_container_post\" value=\"0\" \/>\n<input type=\"hidden\" name=\"_wpcf7_posted_data_hash\" value=\"\" \/>\n<input type=\"hidden\" name=\"_wpcf7_recaptcha_response\" value=\"\" \/>\n<\/div>\n<div style=\"width:100%; min-height:50px;\">\n<div style=\"float:left; min-width:80px; padding-left:5px; padding-right:5px;\"><div class=\"form-group imepriimek\"><input class=\"wpcf7-form-control wpcf7-text wpcf7-validates-as-required form-control\" name=\"imepriimek\" type=\"text\" value=\"\" placeholder=\"Ime in priimek\" aria-invalid=\"false\" aria-required=\"true\" required><\/div><\/div>\n<div style=\"float:left; min-width:80px; padding-left:5px; padding-right:5px;\"><div class=\"form-group email\"><input class=\"wpcf7-form-control wpcf7-text wpcf7-email wpcf7-validates-as-required wpcf7-validates-as-email form-control\" name=\"email\" type=\"text\" value=\"\" placeholder=\"E-mail\" aria-invalid=\"false\" aria-required=\"true\" required><\/div><\/div>\n<div style=\"float:left; min-width:30px; padding-left:5px; padding-right:5px;\"><div class=\"form-group prihod\"><input class=\"wpcf7-form-control wpcf7-text wpcf7-validates-as-required form-control\" name=\"prihod\" type=\"text\" value=\"\" placeholder=\"Prihod\" aria-invalid=\"false\" aria-required=\"true\" required><\/div><\/div>\n<div style=\"float:left; min-width:30px; padding-left:5px; padding-right:5px;\"><div class=\"form-group odhod\"><input class=\"wpcf7-form-control wpcf7-text wpcf7-validates-as-required form-control\" name=\"odhod\" type=\"text\" value=\"\" placeholder=\"Odhod\" aria-invalid=\"false\" aria-required=\"true\" required><\/div><\/div>\n<div style=\"float:left; min-width:30px; padding-left:5px; padding-right:5px;\"><div class=\"form-group dropdown\"><select class=\"wpcf7-form-control wpcf7-select wpcf7-validates-as-required dropdown form-control\" id=\"dropdown\" name=\"dropdown\" aria-invalid=\"false\" aria-required=\"true\" required><option value=\"Zanima me...\">Zanima me...<\/option><option value=\"Kamper \/ Po\u010ditni\u0161ka prikolica\">Kamper \/ Po\u010ditni\u0161ka prikolica<\/option><option value=\"\u0160otor\">\u0160otor<\/option><option value=\"Lesene sobe\">Lesene sobe<\/option><option value=\"Bungalov 1 - 2 osebe\">Bungalov 1 - 2 osebe<\/option><option value=\"Bungalov 3 - 4 osebe\">Bungalov 3 - 4 osebe<\/option><option value=\"Bungalow 5 - 6 oseb\">Bungalow 5 - 6 oseb<\/option><\/select><\/div><\/div>\n<div style=\"float:left; min-width:5px; padding-left:5px; padding-right:5px;\"><div class=\"form-group menu-68\"><select class=\"wpcf7-form-control wpcf7-select wpcf7-validates-as-required form-control\" name=\"menu-68\" aria-invalid=\"false\" aria-required=\"true\" required><option value=\"\u0160t. oseb\">\u0160t. oseb<\/option><option value=\"1\">1<\/option><option value=\"2\">2<\/option><option value=\"3\">3<\/option><option value=\"4\">4<\/option><option value=\"5\">5<\/option><option value=\"6\">6<\/option><option value=\"7\">7<\/option><option value=\"8\">8<\/option><option value=\"9\">9<\/option><option value=\"10\">10<\/option><option value=\"11\">11<\/option><option value=\"12+\">12+<\/option><\/select><\/div><\/div>\n<div style=\"clear:both;\"><\/div>\n<div class=\"form-group wpcf7-form-control wpcf7-checkbox dodatnaponudba\"><div class=\"checkbox\"><label ><input name=\"dodatnaponudba[]\" type=\"checkbox\" value=\"Zajtrk\" aria-invalid=\"false\">Zajtrk<\/label><\/div><div class=\"checkbox\"><label ><input name=\"dodatnaponudba[]\" type=\"checkbox\" value=\"Vinska degustacija\" aria-invalid=\"false\">Vinska degustacija<\/label><\/div><div class=\"checkbox\"><label ><input name=\"dodatnaponudba[]\" type=\"checkbox\" value=\"Tandemski polet\" aria-invalid=\"false\">Tandemski polet<\/label><\/div><div class=\"checkbox\"><label ><input name=\"dodatnaponudba[]\" type=\"checkbox\" value=\"Vodena tura - pohodni\u0161tvo\" aria-invalid=\"false\">Vodena tura - pohodni\u0161tvo<\/label><\/div><div class=\"checkbox\"><label ><input name=\"dodatnaponudba[]\" type=\"checkbox\" value=\"Vodena tura - kolesarjenje\" aria-invalid=\"false\">Vodena tura - kolesarjenje<\/label><\/div><div class=\"checkbox\"><label ><input name=\"dodatnaponudba[]\" type=\"checkbox\" value=\"Rafting\" aria-invalid=\"false\">Rafting<\/label><\/div><div class=\"checkbox\"><label ><input name=\"dodatnaponudba[]\" type=\"checkbox\" value=\"Adrenalinski park\" aria-invalid=\"false\">Adrenalinski park<\/label><\/div><div class=\"checkbox\"><label ><input name=\"dodatnaponudba[]\" type=\"checkbox\" value=\"Zip line\" aria-invalid=\"false\">Zip line<\/label><\/div><\/div>\n<div style=\"clear:both;\"><\/div>\n <div style=\"text-align:center; margin-left:auto; margin-right:auto; min-width:50px; padding-left:5px; padding-right:5px;\"><div class=\"form-group\"><div><input class=\"wpcf7-form-control wpcf7-submit rezervacijski btn btn-primary style-2\" type=\"submit\" value=\"Po\u0161lji\"><\/div><\/div><\/div>\n<\/div><div class=\"wpcf7-response-output alert alert-warning\"><\/div><\/form><\/div>[\/vc_column][\/vc_row][vc_row full_width=&#8221;stretch_row&#8221; css=&#8221;.vc_custom_1491232986920{background-color: #f4f5f6 !important;}&#8221;][vc_column][vc_video link=&#8221;https:\/\/www.youtube.com\/watch?v=_69ElzHiFKk&#8221; align=&#8221;center&#8221;][vc_video link=&#8221;https:\/\/www.youtube.com\/watch?v=RzbXngmhxUY&#8221;][\/vc_column][\/vc_row][vc_row full_width=&#8221;stretch_row&#8221; css=&#8221;.vc_custom_1491472774140{padding-top: 50px !important;padding-bottom: 25px !important;}&#8221;][vc_column]<h4 class=\"calluna-heading calluna-heading-none text-align-center \" ><span>Mnenja na\u0161ih gostov\u2026<\/span><\/h4>[vc_posts_slider type=&#8221;flexslider_slide&#8221; count=&#8221;All&#8221; interval=&#8221;10&#8243; slides_content=&#8221;teaser&#8221; link=&#8221;custom_link&#8221; custom_links=&#8221;#E-8_aHR0cCUzQSUyRiUyRmNhbXBsaWphay5jb20lMkZub3ZhJTJGcmV2aWV3cyUyRiUyQ2h0dHAlM0ElMkYlMkZjYW1wbGlqYWsuY29tJTJGbm92YSUyRnJldmlld3MlMkYlMkNodHRwJTNBJTJGJTJGY2FtcGxpamFrLmNvbSUyRm5vdmElMkZyZXZpZXdzJTJGJTJDaHR0cCUzQSUyRiUyRmNhbXBsaWphay5jb20lMkZub3ZhJTJGcmV2aWV3cyUyRiUyQ2h0dHAlM0ElMkYlMkZjYW1wbGlqYWsuY29tJTJGbm92YSUyRnJldmlld3MlMkYlMkM=&#8221; posttypes=&#8221;testimonial&#8221; css=&#8221;.vc_custom_1491639040248{margin-top: 20px !important;}&#8221;][\/vc_column][\/vc_row]\n","protected":false},"excerpt":{"rendered":"<p>[vc_row css=&#8221;.vc_custom_1491659887959{padding-top: 5% !important;padding-bottom: 7% !important;}&#8221;][vc_column width=&#8221;1\/6&#8243;][\/vc_column][vc_column width=&#8221;4\/6&#8243;][vc_row_inner][vc_column_inner width=&#8221;1\/2&#8243; css=&#8221;.vc_custom_1491660131567{padding: 3% !important;}&#8221;][vc_column_text]Smo mlada dru\u017eina, ki razvaja du\u0161o in telo svojih gostov! Kamp*** Park Lijak\u00a0se nahaja v vasi\u00a0Ozeljan v neposredni bli\u017eini Nove Gorice, v son\u010dni\u00a0Vipavski dolini, obdan z vinogradi in pod robom Trnovske planote med Julijskimi Alpami in Jadranskim morjem. Pestra izbira aktivnosti\u00a0v neposredni bli\u017eini &#8211; <a class=\"read-more\" href=\"http:\/\/parklijak.com\/sl\/mnenja\/\">Preberi ve\u010d<\/a><\/p>\n","protected":false},"author":1,"featured_media":0,"parent":0,"menu_order":0,"comment_status":"closed","ping_status":"closed","template":"","meta":{"_links_to":"","_links_to_target":""},"aioseo_notices":[],"_links":{"self":[{"href":"https:\/\/parklijak.com\/sl\/wp-json\/wp\/v2\/pages\/3014"}],"collection":[{"href":"https:\/\/parklijak.com\/sl\/wp-json\/wp\/v2\/pages"}],"about":[{"href":"https:\/\/parklijak.com\/sl\/wp-json\/wp\/v2\/types\/page"}],"author":[{"embeddable":true,"href":"https:\/\/parklijak.com\/sl\/wp-json\/wp\/v2\/users\/1"}],"replies":[{"embeddable":true,"href":"https:\/\/parklijak.com\/sl\/wp-json\/wp\/v2\/comments?post=3014"}],"version-history":[{"count":25,"href":"https:\/\/parklijak.com\/sl\/wp-json\/wp\/v2\/pages\/3014\/revisions"}],"predecessor-version":[{"id":4118,"href":"https:\/\/parklijak.com\/sl\/wp-json\/wp\/v2\/pages\/3014\/revisions\/4118"}],"wp:attachment":[{"href":"https:\/\/parklijak.com\/sl\/wp-json\/wp\/v2\/media?parent=3014"}],"curies":[{"name":"wp","href":"https:\/\/api.w.org\/{rel}","templated":true}]}}